{"id":5746,"date":"2020-12-15T07:59:28","date_gmt":"2020-12-15T07:59:28","guid":{"rendered":"https:\/\/plastika-bevc.com\/demo\/povprasevanje\/"},"modified":"2024-07-18T08:49:05","modified_gmt":"2024-07-18T08:49:05","slug":"anfrage","status":"publish","type":"page","link":"https:\/\/plastika-bevc.com\/de\/anfrage\/","title":{"rendered":"Anfrage"},"content":{"rendered":"\t\t<div data-elementor-type=\"wp-page\" data-elementor-id=\"5746\" class=\"elementor elementor-5746 elementor-2112\" data-elementor-post-type=\"page\">\n\t\t\t\t\t\t<section class=\"elementor-section elementor-top-section elementor-element elementor-element-6bba9b elementor-section-boxed elementor-section-height-default elementor-section-height-default\" data-id=\"6bba9b\" data-element_type=\"section\">\n\t\t\t\t\t\t<div class=\"elementor-container elementor-column-gap-default\">\n\t\t\t\t\t<div class=\"elementor-column elementor-col-100 elementor-top-column elementor-element elementor-element-5071cb2b\" data-id=\"5071cb2b\" data-element_type=\"column\">\n\t\t\t<div class=\"elementor-widget-wrap elementor-element-populated\">\n\t\t\t\t\t\t<div class=\"elementor-element elementor-element-28bccad5 elementor-widget elementor-widget-text-editor\" data-id=\"28bccad5\" data-element_type=\"widget\" data-widget_type=\"text-editor.default\">\n\t\t\t\t<div class=\"elementor-widget-container\">\n\t\t\t\t\t\t\t\t\t<div class=\"povprasevanje-uvod\"><div class=\"naslov-povprasevanje\">Anfrage<\/div><div class=\"naslov-besedeilo\"><span data-sheets-root=\"1\" data-sheets-value=\"{&quot;1&quot;:2,&quot;2&quot;:&quot;Sie haben bereits ein Werkzeug und interessieren sich nur f\u00fcr den Kunststoffspritzguss oder haben noch kein Werkzeug und ben\u00f6tigen Hilfe bei der Entwicklung? In beiden F\u00e4llen k\u00f6nnen wir Ihnen helfen.&quot;}\" data-sheets-userformat=\"{&quot;2&quot;:7041,&quot;3&quot;:{&quot;1&quot;:0},&quot;10&quot;:2,&quot;11&quot;:4,&quot;12&quot;:0,&quot;14&quot;:{&quot;1&quot;:2,&quot;2&quot;:0},&quot;15&quot;:&quot;Arial&quot;}\">Sie haben bereits ein Werkzeug und interessieren sich nur f\u00fcr den Kunststoffspritzguss oder haben noch kein Werkzeug und ben\u00f6tigen Hilfe bei der Entwicklung? In beiden F\u00e4llen k\u00f6nnen wir Ihnen helfen.<\/span><\/div><\/div><div class=\"celotni_uvodni_del\"><div id=\"levi_del\" class=\"uvodni_del\"><h3 id=\"levi_naslov\" class=\"pred_naslov\"><span data-sheets-root=\"1\" data-sheets-value=\"{&quot;1&quot;:2,&quot;2&quot;:&quot;Kunststoffspritzguss&quot;}\" data-sheets-userformat=\"{&quot;2&quot;:7041,&quot;3&quot;:{&quot;1&quot;:0},&quot;10&quot;:2,&quot;11&quot;:4,&quot;12&quot;:0,&quot;14&quot;:{&quot;1&quot;:2,&quot;2&quot;:0},&quot;15&quot;:&quot;Arial&quot;}\">Kunststoffspritzguss<\/span><\/h3><p class=\"vsebina_uvodni\">&#8211; <span data-sheets-root=\"1\" data-sheets-value=\"{&quot;1&quot;:2,&quot;2&quot;:&quot;Ich habe mein eigenes Werkzeugset&quot;}\" data-sheets-userformat=\"{&quot;2&quot;:7041,&quot;3&quot;:{&quot;1&quot;:0},&quot;10&quot;:2,&quot;11&quot;:4,&quot;12&quot;:0,&quot;14&quot;:{&quot;1&quot;:2,&quot;2&quot;:0},&quot;15&quot;:&quot;Arial&quot;}\">Ich habe mein eigenes Werkzeugset.<\/span><br \/>&#8211; <span data-sheets-root=\"1\" data-sheets-value=\"{&quot;1&quot;:2,&quot;2&quot;:&quot;Ich entwickle ein Werkzeug - ich habe meinen eigenen Werkzeugmacher.&quot;}\" data-sheets-userformat=\"{&quot;2&quot;:7041,&quot;3&quot;:{&quot;1&quot;:0},&quot;10&quot;:2,&quot;11&quot;:4,&quot;12&quot;:0,&quot;14&quot;:{&quot;1&quot;:2,&quot;2&quot;:0},&quot;15&quot;:&quot;Arial&quot;}\">Ich entwickle ein Werkzeug &#8211; ich habe meinen eigenen Werkzeugmacher..<\/span><br \/>&#8211; <span data-sheets-root=\"1\" data-sheets-value=\"{&quot;1&quot;:2,&quot;2&quot;:&quot;Ich m\u00f6chte das Werkzeug bewegen.&quot;}\" data-sheets-userformat=\"{&quot;2&quot;:7041,&quot;3&quot;:{&quot;1&quot;:0},&quot;10&quot;:2,&quot;11&quot;:4,&quot;12&quot;:0,&quot;14&quot;:{&quot;1&quot;:2,&quot;2&quot;:0},&quot;15&quot;:&quot;Arial&quot;}\">Ich m\u00f6chte das Werkzeug bewegen.<\/span><\/p><\/div><div id=\"desni_del\" class=\"uvodni_del\"><h3 id=\"desni_naslov\" class=\"pred_naslov\"><span data-sheets-root=\"1\" data-sheets-value=\"{&quot;1&quot;:2,&quot;2&quot;:&quot;Werkzeugkonstruktionsunterst\u00fctzung + Kunststoffspritzguss&quot;}\" data-sheets-userformat=\"{&quot;2&quot;:7041,&quot;3&quot;:{&quot;1&quot;:0},&quot;10&quot;:2,&quot;11&quot;:4,&quot;12&quot;:0,&quot;14&quot;:{&quot;1&quot;:2,&quot;2&quot;:0},&quot;15&quot;:&quot;Arial&quot;}\">Werkzeugkonstruktionsunterst\u00fctzung + Kunststoffspritzguss<\/span><\/h3><p class=\"vsebina_uvodni\">&#8211; <span data-sheets-root=\"1\" data-sheets-value=\"{&quot;1&quot;:2,&quot;2&quot;:&quot;Ich habe noch kein Werkzeug&quot;}\" data-sheets-userformat=\"{&quot;2&quot;:7041,&quot;3&quot;:{&quot;1&quot;:0},&quot;10&quot;:2,&quot;11&quot;:4,&quot;12&quot;:0,&quot;14&quot;:{&quot;1&quot;:2,&quot;2&quot;:0},&quot;15&quot;:&quot;Arial&quot;}\">Ich habe noch kein Werkzeug.<\/span><br \/>&#8211; <span data-sheets-root=\"1\" data-sheets-value=\"{&quot;1&quot;:2,&quot;2&quot;:&quot;Ich entwickle ein neues\/bestehendes Produkt.&quot;}\" data-sheets-userformat=\"{&quot;2&quot;:7041,&quot;3&quot;:{&quot;1&quot;:0},&quot;10&quot;:2,&quot;11&quot;:4,&quot;12&quot;:0,&quot;14&quot;:{&quot;1&quot;:2,&quot;2&quot;:0},&quot;15&quot;:&quot;Arial&quot;}\">Ich entwickle ein neues\/bestehendes Produkt.<\/span><br \/>&#8211; <span data-sheets-root=\"1\" data-sheets-value=\"{&quot;1&quot;:2,&quot;2&quot;:&quot;Ich m\u00f6chte Ver\u00e4nderungen am bestehenden Produkt.&quot;}\" data-sheets-userformat=\"{&quot;2&quot;:7041,&quot;3&quot;:{&quot;1&quot;:0},&quot;10&quot;:2,&quot;11&quot;:4,&quot;12&quot;:0,&quot;14&quot;:{&quot;1&quot;:2,&quot;2&quot;:0},&quot;15&quot;:&quot;Arial&quot;}\">Ich m\u00f6chte Ver\u00e4nderungen am bestehenden Produkt.<\/span><\/p><\/div><\/div><div class=\"gumb_za_naprej\"><a href=\"#\"><button class=\"potrditveni_gumb\" type=\"button\"> Weiter<\/button><\/a><\/div>\t\t\t\t\t\t\t\t<\/div>\n\t\t\t\t<\/div>\n\t\t\t\t\t<\/div>\n\t\t<\/div>\n\t\t\t\t\t<\/div>\n\t\t<\/section>\n\t\t\t\t<section class=\"elementor-section elementor-top-section elementor-element elementor-element-27b90dd elementor-section-boxed elementor-section-height-default elementor-section-height-default\" data-id=\"27b90dd\" data-element_type=\"section\">\n\t\t\t\t\t\t<div class=\"elementor-container elementor-column-gap-default\">\n\t\t\t\t\t<div class=\"elementor-column elementor-col-100 elementor-top-column elementor-element elementor-element-733e2d5\" data-id=\"733e2d5\" data-element_type=\"column\">\n\t\t\t<div class=\"elementor-widget-wrap elementor-element-populated\">\n\t\t\t\t\t\t<div class=\"elementor-element elementor-element-f3f8a14 elementor-widget elementor-widget-html\" data-id=\"f3f8a14\" data-element_type=\"widget\" data-widget_type=\"html.default\">\n\t\t\t\t<div class=\"elementor-widget-container\">\n\t\t\t\t\t<script>\n\tjQuery(document).ready(function(){\n\t\tjQuery(\"#levi_del\").click(function(){\n\t\t\tconsole.log(\"je\u010dp\")\n\t\t\tjQuery(\"#levi_del\").css('background-color', '#e7e7e7');\n\t\t\tjQuery(\"#desni_del\").css('background-color', 'white');\n\t\t\tjQuery('.gumb_za_naprej a').attr(\"href\", \"https:\/\/plastika-bevc.com\/de\/anfrage\/kunststoffspritzguss-anfrage\/\");\n\t\t\tjQuery('.potrditveni_gumb').css('background-color', '#FFC440');\n\t\t\tjQuery('.potrditveni_gumb').css('color', '#143B63');\n\n\t\t});\n\t\tjQuery(\"#desni_del\").click(function(){\n\t\t\tjQuery(\"#desni_del\").css('background-color', '#e7e7e7');\n\t\t\tjQuery(\"#levi_del\").css('background-color', 'white');\n\t\t\tjQuery('.gumb_za_naprej a').attr(\"href\", \"https:\/\/plastika-bevc.com\/de\/anfrage\/werkzeug-kunststoffspritzguss-anfrage\/\");\n\t\t\tjQuery('.potrditveni_gumb').css('background-color', '#FFC440');\n\t\t\tjQuery('.potrditveni_gumb').css('color', '#143B63');\n\t\t});\n\n\n\n\t\tjQuery('.potrditveni_gumb').css('background-color', '#E3E3E3');\n\t\tjQuery('.potrditveni_gumb').css('color', '#8C8C8C');\n\n\t\t\/*jQuery(\"#file16_dropzone, #file65_dropzone\").each(function(){\n\t\t\tlet successMessage = document.createElement(\"div\");\n\t\t\tsuccessMessage.classList = \"successMessage\";\t\t\t\n\t\t\tthis.parentNode.appendChild(successMessage);\n\n\n\t\t\tjQuery(\".successMessage\").text(\"Datoteka uspe\u0161no nalo\u017eena!\");\n\t\t\tjQuery(\".successMessage\").hide();\n\n\t\t\tconst targetNode = this;\n\t\t\tconst config = { attributes: true, childList: true, subtree: true };\n\t\t\tconst callback = function(mutationsList, observer) {\n\t\t\t\tfor(const mutation of mutationsList) {\n\t\t\t\t\tconsole.log(\"iii\")\n\t\t\t\t\tif (mutation.type === 'childList') {\n\t\t\t\t\t\tconsole.log(\"hello\")\n\t\t\t\t\t\tif(jQuery(\".dz-preview\").length === jQuery(\".dz-complete\").length && jQuery(\".dz-preview\").length > 0){\n\t\t\t\t\t\t\tjQuery(\".successMessage\").show();\n\t\t\t\t\t\t\tjQuery('.dz-progress').remove();\n\t\t\t\t\t\t\tjQuery(\".frm_cancel1_icon\").click(function(){\n\t\t\t\t\t\t\t\tif(jQuery(\".frm_cancel1_icon\").length===0)\n\t\t\t\t\t\t\t\t\tjQuery(\".successMessage\").hide();\n\t\t\t\t\t\t\t});\n\t\t\t\t\t\t}\n\t\t\t\t\t\telse{\n\t\t\t\t\t\t\tjQuery(\".successMessage\").hide();\n\t\t\t\t\t\t}\n\t\t\t\t\t}\n\t\t\t\t\tconsole.log(mutation);\n\t\t\t\t}\n\t\t\t};\t\t\n\t\t\tconst observer = new MutationObserver(callback);\n\t\t\tobserver.observe(targetNode,config);\t\n\t\t});\n\n\n\t\tjQuery('.frm_button_submit.frm_final_submit').css('background-color', '#E3E3E3');\n\t\tjQuery('.frm_button_submit').css('color', 'rgb(20, 59, 99)');\n\t\tjQuery(\"#form_orodjeinjekcijskobrizganjed4a1cc736d,#form_injekcijskobrizganje523a2254c5\").each(function(){\n\t\t\tjQuery(this).change(function() {\n\t\t\t\tvar empty = false;\n\t\t\t\tjQuery('.osebni_podatki :input[type=text]').each(function() {\n\t\t\t\t\tif (jQuery(this).val() == '') {\n\t\t\t\t\t\tempty = true;\n\t\t\t\t\t}\n\t\t\t\t});\n\n\t\t\t\tjQuery(\".kontakt_dropdown\").find(\"select\").each(function(){\n\t\t\t\t\tvar a = this; \n\t\t\t\t\tif(jQuery(this).val().length === 0){\n\t\t\t\t\t\tempty= true;\n\t\t\t\t\t}\n\t\t\t\t})\n\n\n\t\t\t\tif (empty) {\n\t\t\t\t\tjQuery('.frm_button_submit').attr('disabled', 'disabled');\n\t\t\t\t\tjQuery('.frm_button_submit').css('background-color', '#E3E3E3');\n\t\t\t\t\tjQuery('.frm_button_submit').css('color', '#8C8C8C');\n\n\t\t\t\t} else {\n\t\t\t\t\tjQuery('.frm_button_submit').removeAttr('disabled');\n\t\t\t\t\tjQuery('.frm_button_submit').css('background-color', '#FFC440');\n\t\t\t\t\tjQuery('.frm_button_submit').css('color', '#143B63');\n\n\t\t\t\t}\n\t\t\t})\n\t\t});\n\t}*\/\n\n\n\n\n\t})\n<\/script>\t\t\t\t<\/div>\n\t\t\t\t<\/div>\n\t\t\t\t\t<\/div>\n\t\t<\/div>\n\t\t\t\t\t<\/div>\n\t\t<\/section>\n\t\t\t\t<\/div>\n\t\t","protected":false},"excerpt":{"rendered":"<p>AnfrageSie haben bereits ein Werkzeug und interessieren sich nur f\u00fcr den Kunststoffspritzguss oder haben noch kein Werkzeug und ben\u00f6tigen Hilfe bei der Entwicklung? In beiden F\u00e4llen k\u00f6nnen wir Ihnen helfen. Kunststoffspritzguss &#8211; Ich habe mein eigenes Werkzeugset.&#8211; Ich entwickle ein Werkzeug &#8211; ich habe meinen eigenen Werkzeugmacher..&#8211; Ich m\u00f6chte das Werkzeug bewegen. Werkzeugkonstruktionsunterst\u00fctzung + Kunststoffspritzguss&hellip;&nbsp;<a href=\"https:\/\/plastika-bevc.com\/de\/anfrage\/\" rel=\"bookmark\">Weiterlesen &raquo;<span class=\"screen-reader-text\">Anfrage<\/span><\/a><\/p>\n","protected":false},"author":1,"featured_media":0,"parent":0,"menu_order":0,"comment_status":"closed","ping_status":"closed","template":"","meta":{"neve_meta_sidebar":"full-width","neve_meta_container":"","neve_meta_enable_content_width":"on","neve_meta_content_width":100,"neve_meta_title_alignment":"","neve_meta_author_avatar":"","neve_post_elements_order":"","neve_meta_disable_header":"","neve_meta_disable_footer":"","neve_meta_disable_title":"","footnotes":""},"class_list":["post-5746","page","type-page","status-publish","hentry"],"_links":{"self":[{"href":"https:\/\/plastika-bevc.com\/de\/wp-json\/wp\/v2\/pages\/5746","targetHints":{"allow":["GET"]}}],"collection":[{"href":"https:\/\/plastika-bevc.com\/de\/wp-json\/wp\/v2\/pages"}],"about":[{"href":"https:\/\/plastika-bevc.com\/de\/wp-json\/wp\/v2\/types\/page"}],"author":[{"embeddable":true,"href":"https:\/\/plastika-bevc.com\/de\/wp-json\/wp\/v2\/users\/1"}],"replies":[{"embeddable":true,"href":"https:\/\/plastika-bevc.com\/de\/wp-json\/wp\/v2\/comments?post=5746"}],"version-history":[{"count":0,"href":"https:\/\/plastika-bevc.com\/de\/wp-json\/wp\/v2\/pages\/5746\/revisions"}],"wp:attachment":[{"href":"https:\/\/plastika-bevc.com\/de\/wp-json\/wp\/v2\/media?parent=5746"}],"curies":[{"name":"wp","href":"https:\/\/api.w.org\/{rel}","templated":true}]}}