{"id":5741,"date":"2021-06-16T10:51:22","date_gmt":"2021-06-16T10:51:22","guid":{"rendered":"https:\/\/plastika-bevc.com\/demo\/pogoji-poslovanja\/"},"modified":"2021-09-03T12:42:17","modified_gmt":"2021-09-03T12:42:17","slug":"uvjetima-poslovanja","status":"publish","type":"page","link":"https:\/\/plastika-bevc.com\/hr\/uvjetima-poslovanja\/","title":{"rendered":"Uvjetima poslovanja"},"content":{"rendered":"\t\t<div data-elementor-type=\"wp-page\" data-elementor-id=\"5741\" class=\"elementor elementor-5741 elementor-5094\" data-elementor-post-type=\"page\">\n\t\t\t\t\t\t<section class=\"elementor-section elementor-top-section elementor-element elementor-element-3fdce395 elementor-section-boxed elementor-section-height-default elementor-section-height-default\" data-id=\"3fdce395\" data-element_type=\"section\" id=\"sectionPogoj\">\n\t\t\t\t\t\t<div class=\"elementor-container elementor-column-gap-default\">\n\t\t\t\t\t<div class=\"elementor-column elementor-col-50 elementor-top-column elementor-element elementor-element-3f656926\" data-id=\"3f656926\" data-element_type=\"column\">\n\t\t\t<div class=\"elementor-widget-wrap elementor-element-populated\">\n\t\t\t\t\t\t<div class=\"elementor-element elementor-element-486c84ba elementor-widget elementor-widget-heading\" data-id=\"486c84ba\" data-element_type=\"widget\" data-widget_type=\"heading.default\">\n\t\t\t\t<div class=\"elementor-widget-container\">\n\t\t\t\t\t<h2 class=\"elementor-heading-title elementor-size-default\">Uvjetima poslovanja<\/h2>\t\t\t\t<\/div>\n\t\t\t\t<\/div>\n\t\t\t\t<div class=\"elementor-element elementor-element-4bc4d20 elementor-widget elementor-widget-text-editor\" data-id=\"4bc4d20\" data-element_type=\"widget\" data-widget_type=\"text-editor.default\">\n\t\t\t\t<div class=\"elementor-widget-container\">\n\t\t\t\t\t\t\t\t\t<p>Plastika Bevc d.o.o.<br \/>Mihovica 23,<br \/>8310 S\u030centjernej,<br \/>Slovenija<\/p><p>Porezni broj: SI 52607640<br \/>Mati\u010dni broj: 1970208000<\/p><p>Tvrtka je registrirana na Okru\u017enom sudu u Novom mjestu pod upisnim brojem 1\/04647\/00<\/p><p>Tel: +386 (0)7 33 78 190<br \/>Fax: +386 (0)7 30 81 283<br \/>Email: info@plastika-bevc.com<\/p>\t\t\t\t\t\t\t\t<\/div>\n\t\t\t\t<\/div>\n\t\t\t\t<div class=\"elementor-element elementor-element-d1695bf elementor-widget elementor-widget-heading\" data-id=\"d1695bf\" data-element_type=\"widget\" data-widget_type=\"heading.default\">\n\t\t\t\t<div class=\"elementor-widget-container\">\n\t\t\t\t\t<h3 class=\"elementor-heading-title elementor-size-default\">1. Op\u0107i uvjeti poslovanja<\/h3>\t\t\t\t<\/div>\n\t\t\t\t<\/div>\n\t\t\t\t<div class=\"elementor-element elementor-element-7a76dc1a elementor-widget elementor-widget-text-editor\" data-id=\"7a76dc1a\" data-element_type=\"widget\" data-widget_type=\"text-editor.default\">\n\t\t\t\t<div class=\"elementor-widget-container\">\n\t\t\t\t\t\t\t\t\t<p>Op\u0107i uvjeti online poslovanja poduze\u0107a Plastika Bevc d.o.o. predstavljaju dogovor izme\u0111u krajnjeg kupca (pojedina\u010dno fizi\u010dka ili pravna osoba) i poduze\u0107a Plastika Bevc d.o.o., Mihovica 23, 8310 \u0160entjernej, Slovenija, za kori\u0161tenje online naru\u010divanja na adresi shop.plastika-bevc.com. Kada krajnji korisnik pristupa online naru\u010divanju ili ga koristi na druga\u010diji na\u010din, vezan je uvjetima ovih op\u0107ih uvjeta poslovanja. Krajnji korisnik, koji se ne sla\u017ee s op\u0107im uvjetima poslovanja, ne smije koristiti online naru\u010divanje.<\/p><p>Online naru\u010divanje upravlja poduze\u0107e Plastika Bevc d.o.o. Online naru\u010divanje mo\u017ee koristiti svaki potro\u0161a\u010d, koji je usvojio Uvjete kori\u0161tenja online stranice shop.plastika-bevc.com te Op\u0107e uvjete poslovanja online naru\u010divanja. Op\u0107i uvjeti poslovanja online naru\u010divanja opisuju sistem naru\u010divanja na online stranici shop.plastika-bevc.com, prava potro\u0161a\u010da te poslovni odnos izme\u0111u potro\u0161a\u010da i poduze\u0107a Plastika Bevc d.o.o.<\/p>\t\t\t\t\t\t\t\t<\/div>\n\t\t\t\t<\/div>\n\t\t\t\t<section class=\"elementor-section elementor-inner-section elementor-element elementor-element-557acaee sectionPogoj elementor-section-boxed elementor-section-height-default elementor-section-height-default\" data-id=\"557acaee\" data-element_type=\"section\">\n\t\t\t\t\t\t<div class=\"elementor-container elementor-column-gap-default\">\n\t\t\t\t\t<div class=\"elementor-column elementor-col-100 elementor-inner-column elementor-element elementor-element-381f10d9\" data-id=\"381f10d9\" data-element_type=\"column\">\n\t\t\t<div class=\"elementor-widget-wrap elementor-element-populated\">\n\t\t\t\t\t\t<div class=\"elementor-element elementor-element-7f095028 elementor-widget elementor-widget-heading\" data-id=\"7f095028\" data-element_type=\"widget\" data-widget_type=\"heading.default\">\n\t\t\t\t<div class=\"elementor-widget-container\">\n\t\t\t\t\t<h3 class=\"elementor-heading-title elementor-size-default\">2. Dostupnost informacija<\/h3>\t\t\t\t<\/div>\n\t\t\t\t<\/div>\n\t\t\t\t<div class=\"elementor-element elementor-element-b5c1360 elementor-widget elementor-widget-text-editor\" data-id=\"b5c1360\" data-element_type=\"widget\" data-widget_type=\"text-editor.default\">\n\t\t\t\t<div class=\"elementor-widget-container\">\n\t\t\t\t\t\t\t\t\t<p>Plastika Bevc d.o.o. obvezuje se da \u0107e kupcu osigurati slijede\u0107e informacije:<\/p><p>a) identitet poduze\u0107a (ime i sjedi\u0161te, mati\u010dni i porezni identifikacijski broj),<br \/>b) kontaktne podatke, koji korisniku omogu\u0107uju brzu i u\u010dinkovitu komunikaciju (e-po\u0161ta, telefon),<br \/>c) klju\u010dne karakteristike proizvoda ili usluga (uklju\u010duju\u0107i i usluge poslije prodaje i jamstva),<br \/>d) dostupnost proizvoda (svaki proizvod, koji se nudi online bi trebao biti dostupan u razumnom vremenskom periodu),<br \/>e) isporuka proizvoda (na\u010din, mjesto i vrijeme isporuke),<br \/>f) sve cijene moraju biti jasno i nedvosmisleno definirane te mora biti prikazano da li sadr\u017ee poreze i tro\u0161kove prijevoza,<br \/>g) na\u010din pla\u0107anja i dostave,<br \/>h) vremensko trajanje ponude,<br \/>i) rok, u kojem je mogu\u0107e odustati od ponude i uvjete za odustajanje; tako\u0111er ovisi o tome koliko \u0107e kupca ko\u0161tati povrat proizvoda,<br \/>j) poja\u0161njenje postupka u slu\u010daju \u017ealbe, uklju\u010duju\u0107i sve podatke o kontakt osobi koja slu\u017ea za kontakte s kupcima.<\/p>\t\t\t\t\t\t\t\t<\/div>\n\t\t\t\t<\/div>\n\t\t\t\t\t<\/div>\n\t\t<\/div>\n\t\t\t\t\t<\/div>\n\t\t<\/section>\n\t\t\t\t<section class=\"elementor-section elementor-inner-section elementor-element elementor-element-25cb77da sectionPogoj elementor-section-boxed elementor-section-height-default elementor-section-height-default\" data-id=\"25cb77da\" data-element_type=\"section\">\n\t\t\t\t\t\t<div class=\"elementor-container elementor-column-gap-default\">\n\t\t\t\t\t<div class=\"elementor-column elementor-col-100 elementor-inner-column elementor-element elementor-element-9e204f0\" data-id=\"9e204f0\" data-element_type=\"column\">\n\t\t\t<div class=\"elementor-widget-wrap elementor-element-populated\">\n\t\t\t\t\t\t<div class=\"elementor-element elementor-element-31a48da1 elementor-widget elementor-widget-heading\" data-id=\"31a48da1\" data-element_type=\"widget\" data-widget_type=\"heading.default\">\n\t\t\t\t<div class=\"elementor-widget-container\">\n\t\t\t\t\t<h3 class=\"elementor-heading-title elementor-size-default\">3. Ponuda artikala i cijene<\/h3>\t\t\t\t<\/div>\n\t\t\t\t<\/div>\n\t\t\t\t<div class=\"elementor-element elementor-element-4acd18b3 elementor-widget elementor-widget-text-editor\" data-id=\"4acd18b3\" data-element_type=\"widget\" data-widget_type=\"text-editor.default\">\n\t\t\t\t<div class=\"elementor-widget-container\">\n\t\t\t\t\t\t\t\t\tZbog prirode online poslovanja cijene i ponuda u online trgovini Plastika Bevc d.o.o. se \u010desto a\u017euriraju i mijenjaju. Cijena u online trgovini Plastika Bevc d.o.o. je jednaka za registrirane \u010dlanove kao i za goste online trgovine. Sve cijene su bez PDV. Cijene su va\u017ee\u0107e od trenutka narud\u017ebe proizvoda i nemaju nikakvo unaprijed odre\u0111eno trajanje.\t\t\t\t\t\t\t\t<\/div>\n\t\t\t\t<\/div>\n\t\t\t\t\t<\/div>\n\t\t<\/div>\n\t\t\t\t\t<\/div>\n\t\t<\/section>\n\t\t\t\t<section class=\"elementor-section elementor-inner-section elementor-element elementor-element-2275e644 sectionPogoj elementor-section-boxed elementor-section-height-default elementor-section-height-default\" data-id=\"2275e644\" data-element_type=\"section\">\n\t\t\t\t\t\t<div class=\"elementor-container elementor-column-gap-default\">\n\t\t\t\t\t<div class=\"elementor-column elementor-col-100 elementor-inner-column elementor-element elementor-element-6d08ea72\" data-id=\"6d08ea72\" data-element_type=\"column\">\n\t\t\t<div class=\"elementor-widget-wrap elementor-element-populated\">\n\t\t\t\t\t\t<div class=\"elementor-element elementor-element-6364135f elementor-widget elementor-widget-heading\" data-id=\"6364135f\" data-element_type=\"widget\" data-widget_type=\"heading.default\">\n\t\t\t\t<div class=\"elementor-widget-container\">\n\t\t\t\t\t<h3 class=\"elementor-heading-title elementor-size-default\">4. Sigurnost osobnih podataka<\/h3>\t\t\t\t<\/div>\n\t\t\t\t<\/div>\n\t\t\t\t<div class=\"elementor-element elementor-element-36ca9d2 elementor-widget elementor-widget-text-editor\" data-id=\"36ca9d2\" data-element_type=\"widget\" data-widget_type=\"text-editor.default\">\n\t\t\t\t<div class=\"elementor-widget-container\">\n\t\t\t\t\t\t\t\t\t<p>Plastika Bevc d.o.o. na neodre\u0111eno vrijeme pohranjuje sljede\u0107e podatke registriranih \u010dlanova na web stranici Plastika Bevc d.o.o.: ime i prezime, e-mail adresa, kontakt telefon, primarna adresa i adresa za dostavu, zemlja prebivali\u0161ta, datum i vrijeme registracije.<\/p><p>Plastika Bevc d.o.o. navedene osobne podatke koristi isklju\u010divo za potrebe ispunjavanja narud\u017ebe (slanje informativnog materijala, ponuda, faktura) i druge potrebne komunikacije s \u010dlanom.<\/p><p>Korisni\u010dki podaci ni u kojem slu\u010daju ne\u0107e biti predani neovla\u0161tenim osobama. Za za\u0161titu osobnih podataka odgovoran je korisnik, na na\u010din da osigurava sigurnost svoje e-mail adrese, korisni\u010dkog imena i lozinke te posjeduje odgovaraju\u0107i softver (antivirus) kako bi za\u0161titio svoje ra\u010dunalo.<\/p>\t\t\t\t\t\t\t\t<\/div>\n\t\t\t\t<\/div>\n\t\t\t\t\t<\/div>\n\t\t<\/div>\n\t\t\t\t\t<\/div>\n\t\t<\/section>\n\t\t\t\t\t<\/div>\n\t\t<\/div>\n\t\t\t\t<div class=\"elementor-column elementor-col-50 elementor-top-column elementor-element elementor-element-5c918466 elementor-hidden-tablet elementor-hidden-phone\" data-id=\"5c918466\" data-element_type=\"column\" id=\"colMenu\">\n\t\t\t<div class=\"elementor-widget-wrap elementor-element-populated\">\n\t\t\t\t\t\t<div class=\"elementor-element elementor-element-51d56816 elementor-widget elementor-widget-table-of-contents\" data-id=\"51d56816\" data-element_type=\"widget\" id=\"tableSticky\" data-settings=\"{&quot;headings_by_tags&quot;:[&quot;h3&quot;],&quot;exclude_headings_by_selector&quot;:[],&quot;sticky&quot;:&quot;top&quot;,&quot;sticky_parent&quot;:&quot;yes&quot;,&quot;min_height&quot;:{&quot;unit&quot;:&quot;px&quot;,&quot;size&quot;:0,&quot;sizes&quot;:[]},&quot;sticky_offset&quot;:70,&quot;marker_view&quot;:&quot;numbers&quot;,&quot;no_headings_message&quot;:&quot;No headings were found on this page.&quot;,&quot;hierarchical_view&quot;:&quot;yes&quot;,&quot;min_height_tablet&quot;:{&quot;unit&quot;:&quot;px&quot;,&quot;size&quot;:&quot;&quot;,&quot;sizes&quot;:[]},&quot;min_height_mobile&quot;:{&quot;unit&quot;:&quot;px&quot;,&quot;size&quot;:&quot;&quot;,&quot;sizes&quot;:[]},&quot;sticky_on&quot;:[&quot;desktop&quot;,&quot;tablet&quot;,&quot;mobile&quot;],&quot;sticky_effects_offset&quot;:0,&quot;sticky_anchor_link_offset&quot;:0}\" data-widget_type=\"table-of-contents.default\">\n\t\t\t\t<div class=\"elementor-widget-container\">\n\t\t\t\t\t\t\t\t\t<div class=\"elementor-toc__header\">\n\t\t\t\t\t\t<h4 class=\"elementor-toc__header-title\">\n\t\t\t\tVsebina strani\t\t\t<\/h4>\n\t\t\t\t\t\t\t\t<\/div>\n\t\t\t\t<div id=\"elementor-toc__51d56816\" class=\"elementor-toc__body\">\n\t\t\t<div class=\"elementor-toc__spinner-container\">\n\t\t\t\t<i class=\"elementor-toc__spinner eicon-animation-spin eicon-loading\" aria-hidden=\"true\"><\/i>\t\t\t<\/div>\n\t\t<\/div>\n\t\t\t\t\t\t<\/div>\n\t\t\t\t<\/div>\n\t\t\t\t\t<\/div>\n\t\t<\/div>\n\t\t\t\t\t<\/div>\n\t\t<\/section>\n\t\t\t\t<\/div>\n\t\t","protected":false},"excerpt":{"rendered":"<p>Uvjetima poslovanja Plastika Bevc d.o.o.Mihovica 23,8310 S\u030centjernej,Slovenija Porezni broj: SI 52607640Mati\u010dni broj: 1970208000 Tvrtka je registrirana na Okru\u017enom sudu u Novom mjestu pod upisnim brojem 1\/04647\/00 Tel: +386 (0)7 33 78 190Fax: +386 (0)7 30 81 283Email: info@plastika-bevc.com 1. Op\u0107i uvjeti poslovanja Op\u0107i uvjeti online poslovanja poduze\u0107a Plastika Bevc d.o.o. predstavljaju dogovor izme\u0111u krajnjeg kupca&hellip;&nbsp;<a href=\"https:\/\/plastika-bevc.com\/hr\/uvjetima-poslovanja\/\" rel=\"bookmark\">Read More &raquo;<span class=\"screen-reader-text\">Uvjetima poslovanja<\/span><\/a><\/p>\n","protected":false},"author":1,"featured_media":0,"parent":0,"menu_order":0,"comment_status":"closed","ping_status":"closed","template":"elementor_header_footer","meta":{"neve_meta_sidebar":"full-width","neve_meta_container":"","neve_meta_enable_content_width":"on","neve_meta_content_width":100,"neve_meta_title_alignment":"","neve_meta_author_avatar":"","neve_post_elements_order":"","neve_meta_disable_header":"","neve_meta_disable_footer":"","neve_meta_disable_title":"","footnotes":""},"class_list":["post-5741","page","type-page","status-publish","hentry"],"_links":{"self":[{"href":"https:\/\/plastika-bevc.com\/hr\/wp-json\/wp\/v2\/pages\/5741","targetHints":{"allow":["GET"]}}],"collection":[{"href":"https:\/\/plastika-bevc.com\/hr\/wp-json\/wp\/v2\/pages"}],"about":[{"href":"https:\/\/plastika-bevc.com\/hr\/wp-json\/wp\/v2\/types\/page"}],"author":[{"embeddable":true,"href":"https:\/\/plastika-bevc.com\/hr\/wp-json\/wp\/v2\/users\/1"}],"replies":[{"embeddable":true,"href":"https:\/\/plastika-bevc.com\/hr\/wp-json\/wp\/v2\/comments?post=5741"}],"version-history":[{"count":0,"href":"https:\/\/plastika-bevc.com\/hr\/wp-json\/wp\/v2\/pages\/5741\/revisions"}],"wp:attachment":[{"href":"https:\/\/plastika-bevc.com\/hr\/wp-json\/wp\/v2\/media?parent=5741"}],"curies":[{"name":"wp","href":"https:\/\/api.w.org\/{rel}","templated":true}]}}