{"id":7888,"date":"2022-02-02T11:49:08","date_gmt":"2022-02-02T11:49:08","guid":{"rendered":"https:\/\/plastika-bevc.com\/navodila-za-nacrtovanje\/"},"modified":"2022-12-05T13:00:10","modified_gmt":"2022-12-05T13:00:10","slug":"navodila-za-nacrtovanje","status":"publish","type":"page","link":"https:\/\/plastika-bevc.com\/hr\/navodila-za-nacrtovanje\/","title":{"rendered":"Navodila za na\u010drtovanje"},"content":{"rendered":"\t\t<div data-elementor-type=\"wp-page\" data-elementor-id=\"7888\" class=\"elementor elementor-7888 elementor-7785\" data-elementor-post-type=\"page\">\n\t\t\t\t\t\t<section class=\"elementor-section elementor-top-section elementor-element elementor-element-04e127f elementor-section-boxed elementor-section-height-default elementor-section-height-default\" data-id=\"04e127f\" data-element_type=\"section\">\n\t\t\t\t\t\t<div class=\"elementor-container elementor-column-gap-default\">\n\t\t\t\t\t<div class=\"elementor-column elementor-col-100 elementor-top-column elementor-element elementor-element-0259bd2\" data-id=\"0259bd2\" data-element_type=\"column\">\n\t\t\t<div class=\"elementor-widget-wrap elementor-element-populated\">\n\t\t\t\t\t\t<div class=\"elementor-element elementor-element-bec90ef elementor-widget elementor-widget-heading\" data-id=\"bec90ef\" data-element_type=\"widget\" data-widget_type=\"heading.default\">\n\t\t\t\t<div class=\"elementor-widget-container\">\n\t\t\t\t\t<h1 class=\"elementor-heading-title elementor-size-default\">Navodila za na\u010drtovanje<\/h1>\t\t\t\t<\/div>\n\t\t\t\t<\/div>\n\t\t\t\t<div class=\"elementor-element elementor-element-874ea85 elementor-widget elementor-widget-text-editor\" data-id=\"874ea85\" data-element_type=\"widget\" data-widget_type=\"text-editor.default\">\n\t\t\t\t<div class=\"elementor-widget-container\">\n\t\t\t\t\t\t\t\t\tZa pravilno na\u010drtovanje plasti\u010dnega kosa smo pripravili navodila, ki vam bodo pomagala pri ustreznem definiranju detajlov.\t\t\t\t\t\t\t\t<\/div>\n\t\t\t\t<\/div>\n\t\t\t\t<section class=\"elementor-section elementor-inner-section elementor-element elementor-element-2a7e0b6 elementor-reverse-tablet elementor-section-boxed elementor-section-height-default elementor-section-height-default\" data-id=\"2a7e0b6\" data-element_type=\"section\" data-settings=\"{&quot;background_background&quot;:&quot;classic&quot;}\">\n\t\t\t\t\t\t<div class=\"elementor-container elementor-column-gap-default\">\n\t\t\t\t\t<div class=\"elementor-column elementor-col-50 elementor-inner-column elementor-element elementor-element-b5bd96b\" data-id=\"b5bd96b\" data-element_type=\"column\">\n\t\t\t<div class=\"elementor-widget-wrap elementor-element-populated\">\n\t\t\t\t\t\t<div class=\"elementor-element elementor-element-f100d24 elementor-widget elementor-widget-image\" data-id=\"f100d24\" data-element_type=\"widget\" id=\"katalogImg\" data-widget_type=\"image.default\">\n\t\t\t\t<div class=\"elementor-widget-container\">\n\t\t\t\t\t\t\t\t\t\t\t\t\t\t\t<img fetchpriority=\"high\" decoding=\"async\" width=\"343\" height=\"494\" src=\"https:\/\/plastika-bevc.com\/wp-content\/uploads\/2022\/02\/image-20.jpg\" class=\"attachment-large size-large wp-image-7792\" alt=\"\" srcset=\"https:\/\/plastika-bevc.com\/wp-content\/uploads\/2022\/02\/image-20.jpg 343w, https:\/\/plastika-bevc.com\/wp-content\/uploads\/2022\/02\/image-20-208x300.jpg 208w\" sizes=\"(max-width: 343px) 100vw, 343px\" \/>\t\t\t\t\t\t\t\t\t\t\t\t\t\t\t<\/div>\n\t\t\t\t<\/div>\n\t\t\t\t\t<\/div>\n\t\t<\/div>\n\t\t\t\t<div class=\"elementor-column elementor-col-50 elementor-inner-column elementor-element elementor-element-6f13bde colMiddle\" data-id=\"6f13bde\" data-element_type=\"column\">\n\t\t\t<div class=\"elementor-widget-wrap elementor-element-populated\">\n\t\t\t\t\t\t<div class=\"elementor-element elementor-element-2a3235d hideAfterSub elementor-widget elementor-widget-heading\" data-id=\"2a3235d\" data-element_type=\"widget\" data-widget_type=\"heading.default\">\n\t\t\t\t<div class=\"elementor-widget-container\">\n\t\t\t\t\t<p class=\"elementor-heading-title elementor-size-default\">Izpolnite obrazec in prenesite navodila za na\u010drtovanje<\/p>\t\t\t\t<\/div>\n\t\t\t\t<\/div>\n\t\t\t\t<div class=\"elementor-element elementor-element-ab14a59 hideAfterSub elementor-widget elementor-widget-heading\" data-id=\"ab14a59\" data-element_type=\"widget\" id=\"afterSubHeading\" data-widget_type=\"heading.default\">\n\t\t\t\t<div class=\"elementor-widget-container\">\n\t\t\t\t\t<p class=\"elementor-heading-title elementor-size-default\">Prenesite Navodila za na\u010drtovanje<\/p>\t\t\t\t<\/div>\n\t\t\t\t<\/div>\n\t\t\t\t<div class=\"elementor-element elementor-element-1d45be9 elementor-button-align-stretch elementor-widget elementor-widget-form\" data-id=\"1d45be9\" data-element_type=\"widget\" data-settings=\"{&quot;button_width&quot;:&quot;40&quot;,&quot;step_next_label&quot;:&quot;Next&quot;,&quot;step_previous_label&quot;:&quot;Previous&quot;,&quot;step_type&quot;:&quot;number_text&quot;,&quot;step_icon_shape&quot;:&quot;circle&quot;}\" data-widget_type=\"form.default\">\n\t\t\t\t<div class=\"elementor-widget-container\">\n\t\t\t\t\t\t\t<form class=\"elementor-form\" method=\"post\" name=\"New Form\" aria-label=\"New Form\">\n\t\t\t<input type=\"hidden\" name=\"post_id\" value=\"7888\"\/>\n\t\t\t<input type=\"hidden\" name=\"form_id\" value=\"1d45be9\"\/>\n\t\t\t<input type=\"hidden\" name=\"referer_title\" value=\"\" \/>\n\n\t\t\t\n\t\t\t<div class=\"elementor-form-fields-wrapper elementor-labels-above\">\n\t\t\t\t\t\t\t\t<div class=\"elementor-field-type-text elementor-field-group elementor-column elementor-field-group-name elementor-col-100\">\n\t\t\t\t\t\t\t\t\t\t\t\t<label for=\"form-field-name\" class=\"elementor-field-label\">\n\t\t\t\t\t\t\t\tIme in priimek\t\t\t\t\t\t\t<\/label>\n\t\t\t\t\t\t\t\t\t\t\t\t\t\t<input size=\"1\" type=\"text\" name=\"form_fields[name]\" id=\"form-field-name\" class=\"elementor-field elementor-size-sm  elementor-field-textual\">\n\t\t\t\t\t\t\t\t\t\t\t<\/div>\n\t\t\t\t\t\t\t\t<div class=\"elementor-field-type-email elementor-field-group elementor-column elementor-field-group-email elementor-col-100 elementor-field-required\">\n\t\t\t\t\t\t\t\t\t\t\t\t<label for=\"form-field-email\" class=\"elementor-field-label\">\n\t\t\t\t\t\t\t\tE-mail\t\t\t\t\t\t\t<\/label>\n\t\t\t\t\t\t\t\t\t\t\t\t\t\t<input size=\"1\" type=\"email\" name=\"form_fields[email]\" id=\"form-field-email\" class=\"elementor-field elementor-size-sm  elementor-field-textual\" required=\"required\">\n\t\t\t\t\t\t\t\t\t\t\t<\/div>\n\t\t\t\t\t\t\t\t<div class=\"elementor-field-type-html elementor-field-group elementor-column elementor-field-group-field_e298b38 elementor-col-100\">\n\t\t\t\t\t<a class=\"download-Btn\" target=\"_blank\" href=\"\/wp-content\/uploads\/2021\/04\/Navodila_za_nacrtovanje_Bevc_2.pdf\">Prenesite navodila<\/a>\t\t\t\t<\/div>\n\t\t\t\t\t\t\t\t<div class=\"elementor-field-group elementor-column elementor-field-type-submit elementor-col-40 e-form__buttons\">\n\t\t\t\t\t<button class=\"elementor-button elementor-size-sm\" type=\"submit\">\n\t\t\t\t\t\t<span class=\"elementor-button-content-wrapper\">\n\t\t\t\t\t\t\t\t\t\t\t\t\t\t\t\t\t\t\t\t\t\t<span class=\"elementor-button-text\">Prenesite navodila<\/span>\n\t\t\t\t\t\t\t\t\t\t\t\t\t<\/span>\n\t\t\t\t\t<\/button>\n\t\t\t\t<\/div>\n\t\t\t<\/div>\n\t\t<\/form>\n\t\t\t\t\t\t<\/div>\n\t\t\t\t<\/div>\n\t\t\t\t<div class=\"elementor-element elementor-element-89cc2d9 hideAfterSubText elementor-widget elementor-widget-text-editor\" data-id=\"89cc2d9\" data-element_type=\"widget\" data-widget_type=\"text-editor.default\">\n\t\t\t\t<div class=\"elementor-widget-container\">\n\t\t\t\t\t\t\t\t\tZ oddajo izpolnjenega obrazca, se strinjate s pogoji zasebnosti. Obljubimo, da bomo varovali va\u0161e podatke, in jih ne bomo delili s tretjimi osebami.  \t\t\t\t\t\t\t\t<\/div>\n\t\t\t\t<\/div>\n\t\t\t\t\t<\/div>\n\t\t<\/div>\n\t\t\t\t\t<\/div>\n\t\t<\/section>\n\t\t\t\t\t<\/div>\n\t\t<\/div>\n\t\t\t\t\t<\/div>\n\t\t<\/section>\n\t\t\t\t<section class=\"elementor-section elementor-top-section elementor-element elementor-element-2512e3c elementor-section-boxed elementor-section-height-default elementor-section-height-default\" data-id=\"2512e3c\" data-element_type=\"section\">\n\t\t\t\t\t\t<div class=\"elementor-container elementor-column-gap-default\">\n\t\t\t\t\t<div class=\"elementor-column elementor-col-100 elementor-top-column elementor-element elementor-element-4d62cf4\" data-id=\"4d62cf4\" data-element_type=\"column\">\n\t\t\t<div class=\"elementor-widget-wrap elementor-element-populated\">\n\t\t\t\t\t\t<div class=\"elementor-element elementor-element-2c5e00e elementor-widget elementor-widget-html\" data-id=\"2c5e00e\" data-element_type=\"widget\" data-widget_type=\"html.default\">\n\t\t\t\t<div class=\"elementor-widget-container\">\n\t\t\t\t\t<style>\n    .elementor-field-type-html,#afterSubHeading{\n        display: none;\n    }\n    .elementor-labels-above .elementor-field-group > label{\n        padding-bottom: 5px !important;\n    }\n    .elementor-form-fields-wrapper input{\n        height: 50px;\n    }\n    .elementor-field-type-email{\n        margin-top:10px;\n    }\n    .elementor-field-type-submit{\n        margin-top:15px;\n    }\n    .download-Btn{\n        font-weight: 600;\n        font-size: 18px;\n        letter-spacing: 0.01em;\n        color: #123B63;\n        background: #F9C61E;\n        border-radius: 40px;\n        width: 270px;\n        height: 67px;\n        display: flex;\n        justify-content: center;\n        align-items: center;\n    }\n    @media screen and (max-width:580px){\n        .elementor-field-type-html .download-Btn{\n            width:100%;\n            height: 50px;\n            font-size: 15px;\n            margin-top:35px;\n        }\n        .elementor-field-type-submit{\n            margin-top:35px;\n        }\n    }\n        \n<\/style>\n<script>\n\n    let targetNodeCena = document.querySelector(\".elementor-form\");\n    let configCena = { attributes: true, childList: true, subtree: true };\n    \n    if (targetNodeCena) {\n    let success = document.querySelector(\".elementor-message.elementor-message-success\")\n    \n    if(success){\n        console.log(\"hi\")\n        document.querySelector(\".elementor-field-type-submit\").style.display = \"none\"\n        document.querySelector(\".hideAfterSub\").style.display = \"none\"; \n        document.querySelector(\".hideAfterSubText\").style.display = \"none\"; \n        document.querySelector(\".elementor-field-type-html\").style.display = \"block\";\n        document.querySelector(\"#afterSubHeading\").style.display = \"block\";\n        document.querySelector(\".elementor-field-type-text\").style.display = \"none\";\n        document.querySelector(\".elementor-field-type-email\").style.display = \"none\";\n        success.style.display = \"none\";\n        document.querySelector(\".colMiddle\").style.alignItems = \"center\";\n        document.querySelector(\"#katalogImg img\").style.width = \"250px\";\n        document.querySelector(\"#katalogImg img\").style.marginTop = \"50px\";\n        }\n      \n    }\n    \n    let callbackCena = function (mutationsList, observerCena) {\n    observerCena.disconnect();\n    for (let mutation of mutationsList) {\n            let success = document.querySelector(\".elementor-message.elementor-message-success\")\n    \n    if(success){\n        console.log(\"hi\")\n        document.querySelector(\".elementor-field-type-submit\").style.display = \"none\"\n        document.querySelector(\".hideAfterSub\").style.display = \"none\"; \n        document.querySelector(\".hideAfterSubText\").style.display = \"none\"; \n        document.querySelector(\".elementor-field-type-html\").style.display = \"block\";\n        document.querySelector(\"#afterSubHeading\").style.display = \"block\";\n        document.querySelector(\".elementor-field-type-text\").style.display = \"none\";\n        document.querySelector(\".elementor-field-type-email\").style.display = \"none\";\n        success.style.display = \"none\";\n        document.querySelector(\".colMiddle\").style.alignItems = \"center\";\n        document.querySelector(\"#katalogImg img\").style.width = \"250px\";\n        document.querySelector(\"#katalogImg img\").style.marginTop = \"50px\";\n    }\n    \n    }\n    observerCena.observe(targetNodeCena, configCena);\n    };\n    let observerCena = new MutationObserver(callbackCena);\n    observerCena.observe(targetNodeCena, configCena);\n<\/script>\t\t\t\t<\/div>\n\t\t\t\t<\/div>\n\t\t\t\t<div class=\"elementor-element elementor-element-e0f4dd2 elementor-widget elementor-widget-image\" data-id=\"e0f4dd2\" data-element_type=\"widget\" data-widget_type=\"image.default\">\n\t\t\t\t<div class=\"elementor-widget-container\">\n\t\t\t\t\t\t\t\t\t\t\t\t\t\t\t<img decoding=\"async\" width=\"1024\" height=\"313\" src=\"https:\/\/plastika-bevc.com\/wp-content\/uploads\/2022\/02\/nacrti-plastike-1-1024x313.jpg\" class=\"attachment-large size-large wp-image-7796\" alt=\"\" srcset=\"https:\/\/plastika-bevc.com\/wp-content\/uploads\/2022\/02\/nacrti-plastike-1-1024x313.jpg 1024w, https:\/\/plastika-bevc.com\/wp-content\/uploads\/2022\/02\/nacrti-plastike-1-300x92.jpg 300w, https:\/\/plastika-bevc.com\/wp-content\/uploads\/2022\/02\/nacrti-plastike-1-768x235.jpg 768w, https:\/\/plastika-bevc.com\/wp-content\/uploads\/2022\/02\/nacrti-plastike-1.jpg 1275w\" sizes=\"(max-width: 1024px) 100vw, 1024px\" \/>\t\t\t\t\t\t\t\t\t\t\t\t\t\t\t<\/div>\n\t\t\t\t<\/div>\n\t\t\t\t\t<\/div>\n\t\t<\/div>\n\t\t\t\t\t<\/div>\n\t\t<\/section>\n\t\t\t\t<\/div>\n\t\t","protected":false},"excerpt":{"rendered":"<p>Navodila za na\u010drtovanje Za pravilno na\u010drtovanje plasti\u010dnega kosa smo pripravili navodila, ki vam bodo pomagala pri ustreznem definiranju detajlov. Izpolnite obrazec in prenesite navodila za na\u010drtovanje Prenesite Navodila za na\u010drtovanje Z oddajo izpolnjenega obrazca, se strinjate s pogoji zasebnosti. Obljubimo, da bomo varovali va\u0161e podatke, in jih ne bomo delili s tretjimi osebami.<\/p>\n","protected":false},"author":3,"featured_media":0,"parent":0,"menu_order":0,"comment_status":"closed","ping_status":"closed","template":"elementor_header_footer","meta":{"neve_meta_sidebar":"full-width","neve_meta_container":"","neve_meta_enable_content_width":"on","neve_meta_content_width":100,"neve_meta_title_alignment":"","neve_meta_author_avatar":"","neve_post_elements_order":"","neve_meta_disable_header":"","neve_meta_disable_footer":"","neve_meta_disable_title":"","footnotes":""},"class_list":["post-7888","page","type-page","status-publish","hentry"],"_links":{"self":[{"href":"https:\/\/plastika-bevc.com\/hr\/wp-json\/wp\/v2\/pages\/7888","targetHints":{"allow":["GET"]}}],"collection":[{"href":"https:\/\/plastika-bevc.com\/hr\/wp-json\/wp\/v2\/pages"}],"about":[{"href":"https:\/\/plastika-bevc.com\/hr\/wp-json\/wp\/v2\/types\/page"}],"author":[{"embeddable":true,"href":"https:\/\/plastika-bevc.com\/hr\/wp-json\/wp\/v2\/users\/3"}],"replies":[{"embeddable":true,"href":"https:\/\/plastika-bevc.com\/hr\/wp-json\/wp\/v2\/comments?post=7888"}],"version-history":[{"count":0,"href":"https:\/\/plastika-bevc.com\/hr\/wp-json\/wp\/v2\/pages\/7888\/revisions"}],"wp:attachment":[{"href":"https:\/\/plastika-bevc.com\/hr\/wp-json\/wp\/v2\/media?parent=7888"}],"curies":[{"name":"wp","href":"https:\/\/api.w.org\/{rel}","templated":true}]}}